{"id":185,"date":"2019-11-13T10:21:26","date_gmt":"2019-11-13T09:21:26","guid":{"rendered":"https:\/\/www.newconnectgmbh.de\/Unternehmensberatung-Datenschutzbeauftragter\/datenschutzerklaerung-copy\/"},"modified":"2019-11-13T10:22:32","modified_gmt":"2019-11-13T09:22:32","slug":"haftungsausschluss","status":"publish","type":"page","link":"https:\/\/www.newconnectgmbh.de\/Unternehmensberatung-Datenschutzbeauftragter\/haftungsausschluss\/","title":{"rendered":"Haftungsausschluss"},"content":{"rendered":"<!--themify_builder_content-->\n<div id=\"themify_builder_content-185\" data-postid=\"185\" class=\"themify_builder_content themify_builder_content-185 themify_builder tf_clear\">\n                    <div  data-css_id=\"0hq2353\" data-lazy=\"1\" class=\"module_row themify_builder_row fullwidth_row_container tb_0hq2353 tb_first tf_w\">\n                        <div class=\"row_inner col_align_middle tb_col_count_1 tf_box tf_rel\">\n                        <div  data-lazy=\"1\" class=\"module_column tb-column col-full tb_60ar354 first\">\n                            <div  data-lazy=\"1\" class=\"module_subrow themify_builder_sub_row tf_w col_align_top tb_col_count_1 tb_ojiv355\">\n                <div  data-lazy=\"1\" class=\"module_column sub_column col-full tb_uhsh356 first\">\n                    <!-- module text -->\n<div  class=\"module module-text tb_gujc356   \" data-lazy=\"1\">\n        <div  class=\"tb_text_wrap\">\n        <h2>Haftungsausschluss<\/h2>\n<p><strong>Haftung f\u00fcr Inhalte<\/strong><\/p>\n<p>Als Diensteanbieter sind wir gem\u00e4\u00df \u00a7 7 Abs.1 TMG f\u00fcr eigene Inhalte auf diesen Seiten nach den allgemeinen Gesetzen verantwortlich. Nach \u00a7\u00a7 8 bis 10 TMG sind wir als Diensteanbieter jedoch nicht verpflichtet, \u00fcbermittelte oder gespeicherte fremde Informationen zu \u00fcberwachen oder nach Umst\u00e4nden zu forschen, die auf eine rechtswidrige T\u00e4tigkeit hinweisen. Verpflichtungen zur Entfernung oder Sperrung der Nutzung von Informationen nach den allgemeinen Gesetzen bleiben hiervon unber\u00fchrt. Eine diesbez\u00fcgliche Haftung ist jedoch erst ab dem Zeitpunkt der Kenntnis einer konkreten Rechtsverletzung m\u00f6glich. Bei Bekanntwerden von entsprechenden Rechtsverletzungen werden wir diese Inhalte umgehend entfernen.<\/p>\n<p><strong>Haftung f\u00fcr Links<\/strong><\/p>\n<p>Unser Angebot enth\u00e4lt Links zu externen Webseiten Dritter, auf deren Inhalte wir keinen Einfluss haben. Deshalb k\u00f6nnen wir f\u00fcr diese fremden Inhalte auch keine Gew\u00e4hr \u00fcbernehmen. F\u00fcr die Inhalte der verlinkten Seiten ist stets der jeweilige Anbieter oder Betreiber der Seiten verantwortlich. Die verlinkten Seiten wurden zum Zeitpunkt der Verlinkung auf m\u00f6gliche Rechtsverst\u00f6\u00dfe \u00fcberpr\u00fcft. Rechtswidrige Inhalte waren zum Zeitpunkt der Verlinkung nicht erkennbar. Eine permanente inhaltliche Kontrolle der verlinkten Seiten ist jedoch ohne konkrete Anhaltspunkte einer Rechtsverletzung nicht zumutbar. Bei Bekanntwerden von Rechtsverletzungen werden wir derartige Links umgehend entfernen.<\/p>\n<p><strong>Urheberrecht<\/strong><\/p>\n<p>Die durch die Seitenbetreiber erstellten Inhalte und Werke auf diesen Seiten unterliegen dem deutschen Urheberrecht. Die Vervielf\u00e4ltigung, Bearbeitung, Verbreitung und jede Art der Verwertung au\u00dferhalb der Grenzen des Urheberrechtes bed\u00fcrfen der schriftlichen Zustimmung des jeweiligen Autors bzw. Erstellers. Downloads und Kopien dieser Seite sind nur f\u00fcr den privaten, nicht kommerziellen Gebrauch gestattet. Soweit die Inhalte auf dieser Seite nicht vom Betreiber erstellt wurden, werden die Urheberrechte Dritter beachtet. Insbesondere werden Inhalte Dritter als solche gekennzeichnet. Sollten Sie trotzdem auf eine Urheberrechtsverletzung aufmerksam werden, bitten wir um einen entsprechenden Hinweis. Bei Bekanntwerden von Rechtsverletzungen werden wir derartige Inhalte umgehend entfernen.<\/p>    <\/div>\n<\/div>\n<!-- \/module text -->        <\/div>\n                    <\/div>\n                <\/div>\n                        <\/div>\n        <\/div>\n                        <div  data-lazy=\"1\" class=\"module_row themify_builder_row tb_73oa353 tf_w\">\n                        <div class=\"row_inner col_align_top tb_col_count_1 tf_box tf_rel\">\n                        <div  data-lazy=\"1\" class=\"module_column tb-column col-full tb_1ck9358 first\">\n                    <!-- module template_part -->\n<div  class=\"module module-layout-part tb_nppk359 \">\n    <div class=\"tb_layout_part_wrap tf_w\"><!--themify_builder_content-->\n    <div  class=\"themify_builder_content themify_builder_content-11 themify_builder not_editable_builder in_the_loop\" data-postid=\"11\">\n                        <div  data-lazy=\"1\" class=\"module_row themify_builder_row tb_0xel407 tf_w\">\n                        <div class=\"row_inner col_align_top tb_col_count_1 tf_box tf_rel\">\n                        <div  data-lazy=\"1\" class=\"module_column tb-column col-full tb_lt1r407 tb_gs2305d0 first\">\n                            <div  data-lazy=\"1\" class=\"module_subrow themify_builder_sub_row tf_w col_align_middle gutter-none tb_col_count_2 tb_ir2n407\">\n                <div  data-lazy=\"1\" class=\"module_column sub_column col3-2 tb_vg6o407 first\">\n                    <!-- module text -->\n<div  class=\"module module-text tb_9yau407   \" data-lazy=\"1\">\n        <div  class=\"tb_text_wrap\">\n        <h3>Handeln Sie jetzt.<\/h3>\n<p>Vereinbaren Sie einen kostenlosen Beratungstermin mit uns.<\/p>    <\/div>\n<\/div>\n<!-- \/module text -->        <\/div>\n                    <div  data-lazy=\"1\" class=\"module_column sub_column col3-1 tb_mziw407 last\">\n                    <!-- module buttons -->\n<div  class=\"module module-buttons tb_hmvj886 buttons-horizontal outline  large circle\" data-lazy=\"1\">\n        <div class=\"module-buttons-item tf_in_flx\">\n                        <a href=\"https:\/\/www.newconnectgmbh.de\/Unternehmensberatung-Datenschutzbeauftragter\/kontakt\/\" class=\"ui builder_button tf_in_flx red\" >\n                                                Termin vereinbaren                                        <\/a>\n                <\/div>\n            <\/div>\n<!-- \/module buttons -->\n        <\/div>\n                    <\/div>\n                <\/div>\n                        <\/div>\n        <\/div>\n            <\/div>\n<!--\/themify_builder_content--><\/div>\n<\/div>\n<!-- \/module template_part -->        <\/div>\n                        <\/div>\n        <\/div>\n        <\/div>\n<!--\/themify_builder_content-->","protected":false},"excerpt":{"rendered":"<p>Haftungsausschluss Haftung f\u00fcr Inhalte Als Diensteanbieter sind wir gem\u00e4\u00df \u00a7 7 Abs.1 TMG f\u00fcr eigene Inhalte auf diesen Seiten nach den allgemeinen Gesetzen verantwortlich. Nach \u00a7\u00a7 8 bis 10 TMG sind wir als Diensteanbieter jedoch nicht verpflichtet, \u00fcbermittelte oder gespeicherte fremde Informationen zu \u00fcberwachen oder nach Umst\u00e4nden zu forschen, die auf eine rechtswidrige T\u00e4tigkeit hinweisen. [&hellip;]<\/p>\n","protected":false},"author":1,"featured_media":0,"parent":0,"menu_order":0,"comment_status":"closed","ping_status":"closed","template":"","meta":{"footnotes":""},"class_list":["post-185","page","type-page","status-publish","hentry","has-post-title","has-post-date","has-post-category","has-post-tag","has-post-comment","has-post-author",""],"yoast_head":"<!-- This site is optimized with the Yoast SEO plugin v27.3 - https:\/\/yoast.com\/product\/yoast-seo-wordpress\/ -->\n<title>Haftungsausschluss - New Connect GmbH<\/title>\n<meta name=\"description\" content=\"Unternehmensberatung &amp; Datenschutz. Wir bieten Ihnen kompetente Beratung f\u00fcr Ihr Unternehmen. Zu unseren Leistungen geh\u00f6ren neben der normalen betrieblichen Unternehmensberatung auch die Sanierung einschliesslich der Erstellung von Fortbestehensprognosen und Sanierungskonzepten gem. IDW S6. Dazu geh\u00f6ren auch Verifizierung der Risikofaktoren, die Umsetzung der Sanierungskonzepte mittels Unterst\u00fctzung des Managements oder Interimsmanagement sowie die Entwicklung eines nachhaltigen Controllings zur Absicherung des Erfolges.\" \/>\n<meta name=\"robots\" content=\"index, follow, max-snippet:-1, max-image-preview:large, max-video-preview:-1\" \/>\n<link rel=\"canonical\" href=\"https:\/\/www.newconnectgmbh.de\/Unternehmensberatung-Datenschutzbeauftragter\/haftungsausschluss\/\" \/>\n<meta property=\"og:locale\" content=\"de_DE\" \/>\n<meta property=\"og:type\" content=\"article\" \/>\n<meta property=\"og:title\" content=\"Haftungsausschluss - New Connect GmbH\" \/>\n<meta property=\"og:description\" content=\"Unternehmensberatung &amp; Datenschutz. Wir bieten Ihnen kompetente Beratung f\u00fcr Ihr Unternehmen. Zu unseren Leistungen geh\u00f6ren neben der normalen betrieblichen Unternehmensberatung auch die Sanierung einschliesslich der Erstellung von Fortbestehensprognosen und Sanierungskonzepten gem. IDW S6. Dazu geh\u00f6ren auch Verifizierung der Risikofaktoren, die Umsetzung der Sanierungskonzepte mittels Unterst\u00fctzung des Managements oder Interimsmanagement sowie die Entwicklung eines nachhaltigen Controllings zur Absicherung des Erfolges.\" \/>\n<meta property=\"og:url\" content=\"https:\/\/www.newconnectgmbh.de\/Unternehmensberatung-Datenschutzbeauftragter\/haftungsausschluss\/\" \/>\n<meta property=\"og:site_name\" content=\"New Connect GmbH\" \/>\n<meta property=\"article:modified_time\" content=\"2019-11-13T09:22:32+00:00\" \/>\n<meta name=\"twitter:card\" content=\"summary_large_image\" \/>\n<script type=\"application\/ld+json\" class=\"yoast-schema-graph\">{\"@context\":\"https:\\\/\\\/schema.org\",\"@graph\":[{\"@type\":\"WebPage\",\"@id\":\"https:\\\/\\\/www.newconnectgmbh.de\\\/Unternehmensberatung-Datenschutzbeauftragter\\\/haftungsausschluss\\\/\",\"url\":\"https:\\\/\\\/www.newconnectgmbh.de\\\/Unternehmensberatung-Datenschutzbeauftragter\\\/haftungsausschluss\\\/\",\"name\":\"Haftungsausschluss - New Connect GmbH\",\"isPartOf\":{\"@id\":\"https:\\\/\\\/www.newconnectgmbh.de\\\/Unternehmensberatung-Datenschutzbeauftragter\\\/#website\"},\"datePublished\":\"2019-11-13T09:21:26+00:00\",\"dateModified\":\"2019-11-13T09:22:32+00:00\",\"description\":\"Unternehmensberatung & Datenschutz. Wir bieten Ihnen kompetente Beratung f\u00fcr Ihr Unternehmen. Zu unseren Leistungen geh\u00f6ren neben der normalen betrieblichen Unternehmensberatung auch die Sanierung einschliesslich der Erstellung von Fortbestehensprognosen und Sanierungskonzepten gem. IDW S6. Dazu geh\u00f6ren auch Verifizierung der Risikofaktoren, die Umsetzung der Sanierungskonzepte mittels Unterst\u00fctzung des Managements oder Interimsmanagement sowie die Entwicklung eines nachhaltigen Controllings zur Absicherung des Erfolges.\",\"breadcrumb\":{\"@id\":\"https:\\\/\\\/www.newconnectgmbh.de\\\/Unternehmensberatung-Datenschutzbeauftragter\\\/haftungsausschluss\\\/#breadcrumb\"},\"inLanguage\":\"de\",\"potentialAction\":[{\"@type\":\"ReadAction\",\"target\":[\"https:\\\/\\\/www.newconnectgmbh.de\\\/Unternehmensberatung-Datenschutzbeauftragter\\\/haftungsausschluss\\\/\"]}]},{\"@type\":\"BreadcrumbList\",\"@id\":\"https:\\\/\\\/www.newconnectgmbh.de\\\/Unternehmensberatung-Datenschutzbeauftragter\\\/haftungsausschluss\\\/#breadcrumb\",\"itemListElement\":[{\"@type\":\"ListItem\",\"position\":1,\"name\":\"Startseite\",\"item\":\"https:\\\/\\\/www.newconnectgmbh.de\\\/Unternehmensberatung-Datenschutzbeauftragter\\\/\"},{\"@type\":\"ListItem\",\"position\":2,\"name\":\"Haftungsausschluss\"}]},{\"@type\":\"WebSite\",\"@id\":\"https:\\\/\\\/www.newconnectgmbh.de\\\/Unternehmensberatung-Datenschutzbeauftragter\\\/#website\",\"url\":\"https:\\\/\\\/www.newconnectgmbh.de\\\/Unternehmensberatung-Datenschutzbeauftragter\\\/\",\"name\":\"Unternehmensberatung & Datenschutz\",\"description\":\"Unternehmensberatung und externer Datenschutzbeauftragter\",\"publisher\":{\"@id\":\"https:\\\/\\\/www.newconnectgmbh.de\\\/Unternehmensberatung-Datenschutzbeauftragter\\\/#organization\"},\"potentialAction\":[{\"@type\":\"SearchAction\",\"target\":{\"@type\":\"EntryPoint\",\"urlTemplate\":\"https:\\\/\\\/www.newconnectgmbh.de\\\/Unternehmensberatung-Datenschutzbeauftragter\\\/?s={search_term_string}\"},\"query-input\":{\"@type\":\"PropertyValueSpecification\",\"valueRequired\":true,\"valueName\":\"search_term_string\"}}],\"inLanguage\":\"de\"},{\"@type\":\"Organization\",\"@id\":\"https:\\\/\\\/www.newconnectgmbh.de\\\/Unternehmensberatung-Datenschutzbeauftragter\\\/#organization\",\"name\":\"New Connect GmbH\",\"url\":\"https:\\\/\\\/www.newconnectgmbh.de\\\/Unternehmensberatung-Datenschutzbeauftragter\\\/\",\"logo\":{\"@type\":\"ImageObject\",\"inLanguage\":\"de\",\"@id\":\"https:\\\/\\\/www.newconnectgmbh.de\\\/Unternehmensberatung-Datenschutzbeauftragter\\\/#\\\/schema\\\/logo\\\/image\\\/\",\"url\":\"https:\\\/\\\/www.newconnectgmbh.de\\\/Unternehmensberatung-Datenschutzbeauftragter\\\/wp-content\\\/uploads\\\/2019\\\/11\\\/logo2.png\",\"contentUrl\":\"https:\\\/\\\/www.newconnectgmbh.de\\\/Unternehmensberatung-Datenschutzbeauftragter\\\/wp-content\\\/uploads\\\/2019\\\/11\\\/logo2.png\",\"width\":250,\"height\":68,\"caption\":\"New Connect GmbH\"},\"image\":{\"@id\":\"https:\\\/\\\/www.newconnectgmbh.de\\\/Unternehmensberatung-Datenschutzbeauftragter\\\/#\\\/schema\\\/logo\\\/image\\\/\"}}]}<\/script>\n<!-- \/ Yoast SEO plugin. -->","yoast_head_json":{"title":"Haftungsausschluss - New Connect GmbH","description":"Unternehmensberatung & Datenschutz. Wir bieten Ihnen kompetente Beratung f\u00fcr Ihr Unternehmen. Zu unseren Leistungen geh\u00f6ren neben der normalen betrieblichen Unternehmensberatung auch die Sanierung einschliesslich der Erstellung von Fortbestehensprognosen und Sanierungskonzepten gem. IDW S6. Dazu geh\u00f6ren auch Verifizierung der Risikofaktoren, die Umsetzung der Sanierungskonzepte mittels Unterst\u00fctzung des Managements oder Interimsmanagement sowie die Entwicklung eines nachhaltigen Controllings zur Absicherung des Erfolges.","robots":{"index":"index","follow":"follow","max-snippet":"max-snippet:-1","max-image-preview":"max-image-preview:large","max-video-preview":"max-video-preview:-1"},"canonical":"https:\/\/www.newconnectgmbh.de\/Unternehmensberatung-Datenschutzbeauftragter\/haftungsausschluss\/","og_locale":"de_DE","og_type":"article","og_title":"Haftungsausschluss - New Connect GmbH","og_description":"Unternehmensberatung & Datenschutz. Wir bieten Ihnen kompetente Beratung f\u00fcr Ihr Unternehmen. Zu unseren Leistungen geh\u00f6ren neben der normalen betrieblichen Unternehmensberatung auch die Sanierung einschliesslich der Erstellung von Fortbestehensprognosen und Sanierungskonzepten gem. IDW S6. Dazu geh\u00f6ren auch Verifizierung der Risikofaktoren, die Umsetzung der Sanierungskonzepte mittels Unterst\u00fctzung des Managements oder Interimsmanagement sowie die Entwicklung eines nachhaltigen Controllings zur Absicherung des Erfolges.","og_url":"https:\/\/www.newconnectgmbh.de\/Unternehmensberatung-Datenschutzbeauftragter\/haftungsausschluss\/","og_site_name":"New Connect GmbH","article_modified_time":"2019-11-13T09:22:32+00:00","twitter_card":"summary_large_image","schema":{"@context":"https:\/\/schema.org","@graph":[{"@type":"WebPage","@id":"https:\/\/www.newconnectgmbh.de\/Unternehmensberatung-Datenschutzbeauftragter\/haftungsausschluss\/","url":"https:\/\/www.newconnectgmbh.de\/Unternehmensberatung-Datenschutzbeauftragter\/haftungsausschluss\/","name":"Haftungsausschluss - New Connect GmbH","isPartOf":{"@id":"https:\/\/www.newconnectgmbh.de\/Unternehmensberatung-Datenschutzbeauftragter\/#website"},"datePublished":"2019-11-13T09:21:26+00:00","dateModified":"2019-11-13T09:22:32+00:00","description":"Unternehmensberatung & Datenschutz. Wir bieten Ihnen kompetente Beratung f\u00fcr Ihr Unternehmen. Zu unseren Leistungen geh\u00f6ren neben der normalen betrieblichen Unternehmensberatung auch die Sanierung einschliesslich der Erstellung von Fortbestehensprognosen und Sanierungskonzepten gem. IDW S6. Dazu geh\u00f6ren auch Verifizierung der Risikofaktoren, die Umsetzung der Sanierungskonzepte mittels Unterst\u00fctzung des Managements oder Interimsmanagement sowie die Entwicklung eines nachhaltigen Controllings zur Absicherung des Erfolges.","breadcrumb":{"@id":"https:\/\/www.newconnectgmbh.de\/Unternehmensberatung-Datenschutzbeauftragter\/haftungsausschluss\/#breadcrumb"},"inLanguage":"de","potentialAction":[{"@type":"ReadAction","target":["https:\/\/www.newconnectgmbh.de\/Unternehmensberatung-Datenschutzbeauftragter\/haftungsausschluss\/"]}]},{"@type":"BreadcrumbList","@id":"https:\/\/www.newconnectgmbh.de\/Unternehmensberatung-Datenschutzbeauftragter\/haftungsausschluss\/#breadcrumb","itemListElement":[{"@type":"ListItem","position":1,"name":"Startseite","item":"https:\/\/www.newconnectgmbh.de\/Unternehmensberatung-Datenschutzbeauftragter\/"},{"@type":"ListItem","position":2,"name":"Haftungsausschluss"}]},{"@type":"WebSite","@id":"https:\/\/www.newconnectgmbh.de\/Unternehmensberatung-Datenschutzbeauftragter\/#website","url":"https:\/\/www.newconnectgmbh.de\/Unternehmensberatung-Datenschutzbeauftragter\/","name":"Unternehmensberatung & Datenschutz","description":"Unternehmensberatung und externer Datenschutzbeauftragter","publisher":{"@id":"https:\/\/www.newconnectgmbh.de\/Unternehmensberatung-Datenschutzbeauftragter\/#organization"},"potentialAction":[{"@type":"SearchAction","target":{"@type":"EntryPoint","urlTemplate":"https:\/\/www.newconnectgmbh.de\/Unternehmensberatung-Datenschutzbeauftragter\/?s={search_term_string}"},"query-input":{"@type":"PropertyValueSpecification","valueRequired":true,"valueName":"search_term_string"}}],"inLanguage":"de"},{"@type":"Organization","@id":"https:\/\/www.newconnectgmbh.de\/Unternehmensberatung-Datenschutzbeauftragter\/#organization","name":"New Connect GmbH","url":"https:\/\/www.newconnectgmbh.de\/Unternehmensberatung-Datenschutzbeauftragter\/","logo":{"@type":"ImageObject","inLanguage":"de","@id":"https:\/\/www.newconnectgmbh.de\/Unternehmensberatung-Datenschutzbeauftragter\/#\/schema\/logo\/image\/","url":"https:\/\/www.newconnectgmbh.de\/Unternehmensberatung-Datenschutzbeauftragter\/wp-content\/uploads\/2019\/11\/logo2.png","contentUrl":"https:\/\/www.newconnectgmbh.de\/Unternehmensberatung-Datenschutzbeauftragter\/wp-content\/uploads\/2019\/11\/logo2.png","width":250,"height":68,"caption":"New Connect GmbH"},"image":{"@id":"https:\/\/www.newconnectgmbh.de\/Unternehmensberatung-Datenschutzbeauftragter\/#\/schema\/logo\/image\/"}}]}},"builder_content":"<h2>Haftungsausschluss<\/h2> <p><strong>Haftung f\u00fcr Inhalte<\/strong><\/p> <p>Als Diensteanbieter sind wir gem\u00e4\u00df \u00a7 7 Abs.1 TMG f\u00fcr eigene Inhalte auf diesen Seiten nach den allgemeinen Gesetzen verantwortlich. Nach \u00a7\u00a7 8 bis 10 TMG sind wir als Diensteanbieter jedoch nicht verpflichtet, \u00fcbermittelte oder gespeicherte fremde Informationen zu \u00fcberwachen oder nach Umst\u00e4nden zu forschen, die auf eine rechtswidrige T\u00e4tigkeit hinweisen. Verpflichtungen zur Entfernung oder Sperrung der Nutzung von Informationen nach den allgemeinen Gesetzen bleiben hiervon unber\u00fchrt. Eine diesbez\u00fcgliche Haftung ist jedoch erst ab dem Zeitpunkt der Kenntnis einer konkreten Rechtsverletzung m\u00f6glich. Bei Bekanntwerden von entsprechenden Rechtsverletzungen werden wir diese Inhalte umgehend entfernen.<\/p> <p><strong>Haftung f\u00fcr Links<\/strong><\/p> <p>Unser Angebot enth\u00e4lt Links zu externen Webseiten Dritter, auf deren Inhalte wir keinen Einfluss haben. Deshalb k\u00f6nnen wir f\u00fcr diese fremden Inhalte auch keine Gew\u00e4hr \u00fcbernehmen. F\u00fcr die Inhalte der verlinkten Seiten ist stets der jeweilige Anbieter oder Betreiber der Seiten verantwortlich. Die verlinkten Seiten wurden zum Zeitpunkt der Verlinkung auf m\u00f6gliche Rechtsverst\u00f6\u00dfe \u00fcberpr\u00fcft. Rechtswidrige Inhalte waren zum Zeitpunkt der Verlinkung nicht erkennbar. Eine permanente inhaltliche Kontrolle der verlinkten Seiten ist jedoch ohne konkrete Anhaltspunkte einer Rechtsverletzung nicht zumutbar. Bei Bekanntwerden von Rechtsverletzungen werden wir derartige Links umgehend entfernen.<\/p> <p><strong>Urheberrecht<\/strong><\/p> <p>Die durch die Seitenbetreiber erstellten Inhalte und Werke auf diesen Seiten unterliegen dem deutschen Urheberrecht. Die Vervielf\u00e4ltigung, Bearbeitung, Verbreitung und jede Art der Verwertung au\u00dferhalb der Grenzen des Urheberrechtes bed\u00fcrfen der schriftlichen Zustimmung des jeweiligen Autors bzw. Erstellers. Downloads und Kopien dieser Seite sind nur f\u00fcr den privaten, nicht kommerziellen Gebrauch gestattet. Soweit die Inhalte auf dieser Seite nicht vom Betreiber erstellt wurden, werden die Urheberrechte Dritter beachtet. Insbesondere werden Inhalte Dritter als solche gekennzeichnet. Sollten Sie trotzdem auf eine Urheberrechtsverletzung aufmerksam werden, bitten wir um einen entsprechenden Hinweis. Bei Bekanntwerden von Rechtsverletzungen werden wir derartige Inhalte umgehend entfernen.<\/p>","_links":{"self":[{"href":"https:\/\/www.newconnectgmbh.de\/Unternehmensberatung-Datenschutzbeauftragter\/wp-json\/wp\/v2\/pages\/185","targetHints":{"allow":["GET"]}}],"collection":[{"href":"https:\/\/www.newconnectgmbh.de\/Unternehmensberatung-Datenschutzbeauftragter\/wp-json\/wp\/v2\/pages"}],"about":[{"href":"https:\/\/www.newconnectgmbh.de\/Unternehmensberatung-Datenschutzbeauftragter\/wp-json\/wp\/v2\/types\/page"}],"author":[{"embeddable":true,"href":"https:\/\/www.newconnectgmbh.de\/Unternehmensberatung-Datenschutzbeauftragter\/wp-json\/wp\/v2\/users\/1"}],"replies":[{"embeddable":true,"href":"https:\/\/www.newconnectgmbh.de\/Unternehmensberatung-Datenschutzbeauftragter\/wp-json\/wp\/v2\/comments?post=185"}],"version-history":[{"count":3,"href":"https:\/\/www.newconnectgmbh.de\/Unternehmensberatung-Datenschutzbeauftragter\/wp-json\/wp\/v2\/pages\/185\/revisions"}],"predecessor-version":[{"id":188,"href":"https:\/\/www.newconnectgmbh.de\/Unternehmensberatung-Datenschutzbeauftragter\/wp-json\/wp\/v2\/pages\/185\/revisions\/188"}],"wp:attachment":[{"href":"https:\/\/www.newconnectgmbh.de\/Unternehmensberatung-Datenschutzbeauftragter\/wp-json\/wp\/v2\/media?parent=185"}],"curies":[{"name":"wp","href":"https:\/\/api.w.org\/{rel}","templated":true}]}}