{"id":103,"date":"2019-11-12T17:37:37","date_gmt":"2019-11-12T16:37:37","guid":{"rendered":"https:\/\/www.newconnectgmbh.de\/Unternehmensberatung-Datenschutzbeauftragter\/unternehmensberatung-und-coaching-copy\/"},"modified":"2025-04-01T11:19:20","modified_gmt":"2025-04-01T09:19:20","slug":"externer-datenschutzbeauftragter","status":"publish","type":"page","link":"https:\/\/www.newconnectgmbh.de\/Unternehmensberatung-Datenschutzbeauftragter\/externer-datenschutzbeauftragter\/","title":{"rendered":"Externer Datenschutzbeauftragter"},"content":{"rendered":"<!--themify_builder_content-->\n<div id=\"themify_builder_content-103\" data-postid=\"103\" class=\"themify_builder_content themify_builder_content-103 themify_builder tf_clear\">\n                    <div  data-css_id=\"7tge221\" data-lazy=\"1\" class=\"module_row themify_builder_row fullwidth_row_container tb_7tge221 tb_first tf_w\">\n                        <div class=\"row_inner col_align_top tb_col_count_1 tf_box tf_rel\">\n                        <div  data-lazy=\"1\" class=\"module_column tb-column col-full tb_zsmh742 first\">\n                            <div  data-lazy=\"1\" class=\"module_subrow themify_builder_sub_row tf_w col_align_top tb_col_count_2 tb_quel170\">\n                <div  data-lazy=\"1\" class=\"module_column sub_column tb_eutq170 first\">\n                    <!-- module text -->\n<div  class=\"module module-text tb_hydj609   \" data-lazy=\"1\">\n        <div  class=\"tb_text_wrap\">\n        <h2>Externer Datenschutzbeauftragter<\/h2>\n<p>Als externe Datenschutzbeauftragte unterst\u00fctzen wir Sie bei der Umsetzung der datenschutzrechtlichen Vorschriften (DSGVO). <br \/>Wir stellen sicher, dass die ordnungsgem\u00e4\u00dfe Umsetzung der Datenschutzbestimmungen in Ihrem Unternehmen gesetzeskonform erfolgt. Wir helfen Ihnen, Ihre Dokumentationspflichten zu erf\u00fcllen, ebenso schulen wir Ihre Mitarbeiter im Umgang mit sensiblen, personenbezogenen Kundendaten.<\/p>\n<p><strong>Wir unterst\u00fctzen Sie schnell und zuverl\u00e4ssig.<\/strong><\/p>\n<p>E-Mail: <a href=\"datenschutzbeauftragter@newconnectgmbh.de\">datenschutzbeauftragter@newconnectgmbh.de<\/a><\/p>    <\/div>\n<\/div>\n<!-- \/module text -->        <div  data-lazy=\"1\" class=\"module_subrow themify_builder_sub_row tf_w col_align_top tb_col_count_2 tb_7s59119\">\n                <div  data-lazy=\"1\" class=\"module_column sub_column tb_w1h0120 first\">\n                            <\/div>\n                    <div  data-lazy=\"1\" class=\"module_column sub_column tb_s6cf121 last\">\n                            <\/div>\n                    <\/div>\n                <\/div>\n                    <div  data-lazy=\"1\" class=\"module_column sub_column tb_ozi9171 last\">\n                    <!-- module image -->\n<div  class=\"module module-image tb_spx9559 image-top   tf_mw\" data-lazy=\"1\">\n        <div class=\"image-wrap tf_rel tf_mw\">\n            <img loading=\"lazy\" decoding=\"async\" src=\"https:\/\/www.newconnectgmbh.de\/Unternehmensberatung-Datenschutzbeauftragter\/wp-content\/uploads\/2019\/11\/datenschutz-1024x690-565x380.png\" width=\"565\" height=\"380\" class=\"wp-post-image wp-image-165\" title=\"externer Datenschutzbeauftragter\" alt=\"externer Datenschutzbeauftragter\" srcset=\"https:\/\/www.newconnectgmbh.de\/Unternehmensberatung-Datenschutzbeauftragter\/wp-content\/uploads\/2019\/11\/datenschutz-1024x690-565x380.png 565w, https:\/\/www.newconnectgmbh.de\/Unternehmensberatung-Datenschutzbeauftragter\/wp-content\/uploads\/2019\/11\/datenschutz-300x202.png 300w, https:\/\/www.newconnectgmbh.de\/Unternehmensberatung-Datenschutzbeauftragter\/wp-content\/uploads\/2019\/11\/datenschutz-768x517.png 768w, https:\/\/www.newconnectgmbh.de\/Unternehmensberatung-Datenschutzbeauftragter\/wp-content\/uploads\/2019\/11\/datenschutz-1024x690.png 1024w\" sizes=\"auto, (max-width: 565px) 100vw, 565px\" \/>    \n        <\/div>\n    <!-- \/image-wrap -->\n    \n        <\/div>\n<!-- \/module image --><!-- module text -->\n<div  class=\"module module-text tb_j6ou330   \" data-lazy=\"1\">\n        <div  class=\"tb_text_wrap\">\n        <p style=\"text-align: right;\">Adobe Stock &#8211; Overcoming the law obstacles. Manager jumping over paragraphs &#8211; bizvector<\/p>    <\/div>\n<\/div>\n<!-- \/module text -->        <\/div>\n                    <\/div>\n                <div  data-lazy=\"1\" class=\"module_subrow themify_builder_sub_row tf_w col_align_top tb_col_count_3 tb_w9rz100\">\n                <div  data-lazy=\"1\" class=\"module_column sub_column col4-1 tb_1tfl240 first\">\n                    <!-- module buttons -->\n<div  class=\"module module-buttons tb_ekc1610 buttons-horizontal outline  large circle\" data-lazy=\"1\">\n        <div class=\"module-buttons-item tf_in_flx\">\n                        <a href=\"https:\/\/datenschutzbeauftragter-ortenau.de\/\" class=\"ui builder_button tf_in_flx red\" target=\"_blank\" rel=\"noopener\">\n                                                Anfrage                                        <\/a>\n                <\/div>\n            <\/div>\n<!-- \/module buttons -->\n        <\/div>\n                    <div  data-lazy=\"1\" class=\"module_column sub_column col4-1 tb_pcdr503\">\n                    <!-- module text -->\n<div  class=\"module module-text tb_ce88610   \" data-lazy=\"1\">\n        <div  class=\"tb_text_wrap\">\n        <p>Fordern Sie unser WHITE PAPER zur Umsetzung der DSGVO in kleinen Unternehmen an.<\/p>    <\/div>\n<\/div>\n<!-- \/module text -->        <\/div>\n                    <div  data-lazy=\"1\" class=\"module_column sub_column col4-2 tb_6fyk504 last\">\n                    <!-- module text -->\n<div  class=\"module module-text tb_7qpc897   \" data-lazy=\"1\">\n        <div  class=\"tb_text_wrap\">\n        <p><a href=\"https:\/\/www.bvdnet.de\/\" target=\"_blank\" rel=\"noopener\"><img loading=\"lazy\" decoding=\"async\" class=\"size-full wp-image-47 alignleft\" src=\"https:\/\/www.newconnectgmbh.de\/Unternehmensberatung-Datenschutzbeauftragter\/wp-content\/uploads\/2019\/11\/logo_bvd.png\" alt=\"\" width=\"181\" height=\"114\" \/><\/a>Ihr Datenschutzbeauftragter mit IHK-Lehrgangszertifikat. <br \/>Mitglied beim Berufsverband der Datenschutzbeauftragten Deutschlands (BvD) e.V.<\/p>    <\/div>\n<\/div>\n<!-- \/module text -->        <\/div>\n                    <\/div>\n                <\/div>\n                        <\/div>\n        <\/div>\n                        <div  data-lazy=\"1\" class=\"module_row themify_builder_row tb_3zn7555 tf_w\">\n                        <div class=\"row_inner col_align_top tb_col_count_1 tf_box tf_rel\">\n                        <div  data-lazy=\"1\" class=\"module_column tb-column col-full tb_ub7j250 first\">\n                    <!-- module template_part -->\n<div  class=\"module module-layout-part tb_0tn4452 \">\n    <div class=\"tb_layout_part_wrap tf_w\"><!--themify_builder_content-->\n    <div  class=\"themify_builder_content themify_builder_content-11 themify_builder not_editable_builder in_the_loop\" data-postid=\"11\">\n                        <div  data-lazy=\"1\" class=\"module_row themify_builder_row tb_0xel407 tf_w\">\n                        <div class=\"row_inner col_align_top tb_col_count_1 tf_box tf_rel\">\n                        <div  data-lazy=\"1\" class=\"module_column tb-column col-full tb_lt1r407 tb_gs2305d0 first\">\n                            <div  data-lazy=\"1\" class=\"module_subrow themify_builder_sub_row tf_w col_align_middle gutter-none tb_col_count_2 tb_ir2n407\">\n                <div  data-lazy=\"1\" class=\"module_column sub_column col3-2 tb_vg6o407 first\">\n                    <!-- module text -->\n<div  class=\"module module-text tb_9yau407   \" data-lazy=\"1\">\n        <div  class=\"tb_text_wrap\">\n        <h3>Handeln Sie jetzt.<\/h3>\n<p>Vereinbaren Sie einen kostenlosen Beratungstermin mit uns.<\/p>    <\/div>\n<\/div>\n<!-- \/module text -->        <\/div>\n                    <div  data-lazy=\"1\" class=\"module_column sub_column col3-1 tb_mziw407 last\">\n                    <!-- module buttons -->\n<div  class=\"module module-buttons tb_hmvj886 buttons-horizontal outline  large circle\" data-lazy=\"1\">\n        <div class=\"module-buttons-item tf_in_flx\">\n                        <a href=\"https:\/\/www.newconnectgmbh.de\/Unternehmensberatung-Datenschutzbeauftragter\/kontakt\/\" class=\"ui builder_button tf_in_flx red\" >\n                                                Termin vereinbaren                                        <\/a>\n                <\/div>\n            <\/div>\n<!-- \/module buttons -->\n        <\/div>\n                    <\/div>\n                <\/div>\n                        <\/div>\n        <\/div>\n            <\/div>\n<!--\/themify_builder_content--><\/div>\n<\/div>\n<!-- \/module template_part -->        <\/div>\n                        <\/div>\n        <\/div>\n        <\/div>\n<!--\/themify_builder_content-->","protected":false},"excerpt":{"rendered":"<p>Externer Datenschutzbeauftragter Als externe Datenschutzbeauftragte unterst\u00fctzen wir Sie bei der Umsetzung der datenschutzrechtlichen Vorschriften (DSGVO). Wir stellen sicher, dass die ordnungsgem\u00e4\u00dfe Umsetzung der Datenschutzbestimmungen in Ihrem Unternehmen gesetzeskonform erfolgt. Wir helfen Ihnen, Ihre Dokumentationspflichten zu erf\u00fcllen, ebenso schulen wir Ihre Mitarbeiter im Umgang mit sensiblen, personenbezogenen Kundendaten. Wir unterst\u00fctzen Sie schnell und zuverl\u00e4ssig. E-Mail: datenschutzbeauftragter@newconnectgmbh.de [&hellip;]<\/p>\n","protected":false},"author":1,"featured_media":0,"parent":0,"menu_order":0,"comment_status":"closed","ping_status":"closed","template":"","meta":{"footnotes":""},"class_list":["post-103","page","type-page","status-publish","hentry","has-post-title","has-post-date","has-post-category","has-post-tag","has-post-comment","has-post-author",""],"yoast_head":"<!-- This site is optimized with the Yoast SEO plugin v27.3 - https:\/\/yoast.com\/product\/yoast-seo-wordpress\/ -->\n<title>Externer Datenschutzbeauftragter - New Connect GmbH<\/title>\n<meta name=\"description\" content=\"Unternehmensberatung &amp; Datenschutz. Wir bieten Ihnen kompetente Beratung f\u00fcr Ihr Unternehmen. Zu unseren Leistungen geh\u00f6ren neben der normalen betrieblichen Unternehmensberatung auch die Sanierung einschliesslich der Erstellung von Fortbestehensprognosen und Sanierungskonzepten gem. IDW S6. Dazu geh\u00f6ren auch Verifizierung der Risikofaktoren, die Umsetzung der Sanierungskonzepte mittels Unterst\u00fctzung des Managements oder Interimsmanagement sowie die Entwicklung eines nachhaltigen Controllings zur Absicherung des Erfolges.\" \/>\n<meta name=\"robots\" content=\"index, follow, max-snippet:-1, max-image-preview:large, max-video-preview:-1\" \/>\n<link rel=\"canonical\" href=\"https:\/\/www.newconnectgmbh.de\/Unternehmensberatung-Datenschutzbeauftragter\/externer-datenschutzbeauftragter\/\" \/>\n<meta property=\"og:locale\" content=\"de_DE\" \/>\n<meta property=\"og:type\" content=\"article\" \/>\n<meta property=\"og:title\" content=\"Externer Datenschutzbeauftragter - New Connect GmbH\" \/>\n<meta property=\"og:description\" content=\"Unternehmensberatung &amp; Datenschutz. Wir bieten Ihnen kompetente Beratung f\u00fcr Ihr Unternehmen. Zu unseren Leistungen geh\u00f6ren neben der normalen betrieblichen Unternehmensberatung auch die Sanierung einschliesslich der Erstellung von Fortbestehensprognosen und Sanierungskonzepten gem. IDW S6. Dazu geh\u00f6ren auch Verifizierung der Risikofaktoren, die Umsetzung der Sanierungskonzepte mittels Unterst\u00fctzung des Managements oder Interimsmanagement sowie die Entwicklung eines nachhaltigen Controllings zur Absicherung des Erfolges.\" \/>\n<meta property=\"og:url\" content=\"https:\/\/www.newconnectgmbh.de\/Unternehmensberatung-Datenschutzbeauftragter\/externer-datenschutzbeauftragter\/\" \/>\n<meta property=\"og:site_name\" content=\"New Connect GmbH\" \/>\n<meta property=\"article:modified_time\" content=\"2025-04-01T09:19:20+00:00\" \/>\n<meta property=\"og:image\" content=\"https:\/\/www.newconnectgmbh.de\/Unternehmensberatung-Datenschutzbeauftragter\/wp-content\/uploads\/2019\/11\/datenschutz.png\" \/>\n\t<meta property=\"og:image:width\" content=\"4456\" \/>\n\t<meta property=\"og:image:height\" content=\"3002\" \/>\n\t<meta property=\"og:image:type\" content=\"image\/png\" \/>\n<meta name=\"twitter:card\" content=\"summary_large_image\" \/>\n<meta name=\"twitter:label1\" content=\"Gesch\u00e4tzte Lesezeit\" \/>\n\t<meta name=\"twitter:data1\" content=\"1\u00a0Minute\" \/>\n<script type=\"application\/ld+json\" class=\"yoast-schema-graph\">{\"@context\":\"https:\\\/\\\/schema.org\",\"@graph\":[{\"@type\":\"WebPage\",\"@id\":\"https:\\\/\\\/www.newconnectgmbh.de\\\/Unternehmensberatung-Datenschutzbeauftragter\\\/externer-datenschutzbeauftragter\\\/\",\"url\":\"https:\\\/\\\/www.newconnectgmbh.de\\\/Unternehmensberatung-Datenschutzbeauftragter\\\/externer-datenschutzbeauftragter\\\/\",\"name\":\"Externer Datenschutzbeauftragter - New Connect GmbH\",\"isPartOf\":{\"@id\":\"https:\\\/\\\/www.newconnectgmbh.de\\\/Unternehmensberatung-Datenschutzbeauftragter\\\/#website\"},\"primaryImageOfPage\":{\"@id\":\"https:\\\/\\\/www.newconnectgmbh.de\\\/Unternehmensberatung-Datenschutzbeauftragter\\\/externer-datenschutzbeauftragter\\\/#primaryimage\"},\"image\":{\"@id\":\"https:\\\/\\\/www.newconnectgmbh.de\\\/Unternehmensberatung-Datenschutzbeauftragter\\\/externer-datenschutzbeauftragter\\\/#primaryimage\"},\"thumbnailUrl\":\"https:\\\/\\\/www.newconnectgmbh.de\\\/Unternehmensberatung-Datenschutzbeauftragter\\\/wp-content\\\/uploads\\\/2019\\\/11\\\/datenschutz-1024x690-565x380.png\",\"datePublished\":\"2019-11-12T16:37:37+00:00\",\"dateModified\":\"2025-04-01T09:19:20+00:00\",\"description\":\"Unternehmensberatung & Datenschutz. Wir bieten Ihnen kompetente Beratung f\u00fcr Ihr Unternehmen. Zu unseren Leistungen geh\u00f6ren neben der normalen betrieblichen Unternehmensberatung auch die Sanierung einschliesslich der Erstellung von Fortbestehensprognosen und Sanierungskonzepten gem. IDW S6. Dazu geh\u00f6ren auch Verifizierung der Risikofaktoren, die Umsetzung der Sanierungskonzepte mittels Unterst\u00fctzung des Managements oder Interimsmanagement sowie die Entwicklung eines nachhaltigen Controllings zur Absicherung des Erfolges.\",\"breadcrumb\":{\"@id\":\"https:\\\/\\\/www.newconnectgmbh.de\\\/Unternehmensberatung-Datenschutzbeauftragter\\\/externer-datenschutzbeauftragter\\\/#breadcrumb\"},\"inLanguage\":\"de\",\"potentialAction\":[{\"@type\":\"ReadAction\",\"target\":[\"https:\\\/\\\/www.newconnectgmbh.de\\\/Unternehmensberatung-Datenschutzbeauftragter\\\/externer-datenschutzbeauftragter\\\/\"]}]},{\"@type\":\"ImageObject\",\"inLanguage\":\"de\",\"@id\":\"https:\\\/\\\/www.newconnectgmbh.de\\\/Unternehmensberatung-Datenschutzbeauftragter\\\/externer-datenschutzbeauftragter\\\/#primaryimage\",\"url\":\"https:\\\/\\\/www.newconnectgmbh.de\\\/Unternehmensberatung-Datenschutzbeauftragter\\\/wp-content\\\/uploads\\\/2019\\\/11\\\/datenschutz.png\",\"contentUrl\":\"https:\\\/\\\/www.newconnectgmbh.de\\\/Unternehmensberatung-Datenschutzbeauftragter\\\/wp-content\\\/uploads\\\/2019\\\/11\\\/datenschutz.png\",\"width\":4456,\"height\":3002,\"caption\":\"externer Datenschutzbeauftragter\"},{\"@type\":\"BreadcrumbList\",\"@id\":\"https:\\\/\\\/www.newconnectgmbh.de\\\/Unternehmensberatung-Datenschutzbeauftragter\\\/externer-datenschutzbeauftragter\\\/#breadcrumb\",\"itemListElement\":[{\"@type\":\"ListItem\",\"position\":1,\"name\":\"Startseite\",\"item\":\"https:\\\/\\\/www.newconnectgmbh.de\\\/Unternehmensberatung-Datenschutzbeauftragter\\\/\"},{\"@type\":\"ListItem\",\"position\":2,\"name\":\"Externer Datenschutzbeauftragter\"}]},{\"@type\":\"WebSite\",\"@id\":\"https:\\\/\\\/www.newconnectgmbh.de\\\/Unternehmensberatung-Datenschutzbeauftragter\\\/#website\",\"url\":\"https:\\\/\\\/www.newconnectgmbh.de\\\/Unternehmensberatung-Datenschutzbeauftragter\\\/\",\"name\":\"Unternehmensberatung & Datenschutz\",\"description\":\"Unternehmensberatung und externer Datenschutzbeauftragter\",\"publisher\":{\"@id\":\"https:\\\/\\\/www.newconnectgmbh.de\\\/Unternehmensberatung-Datenschutzbeauftragter\\\/#organization\"},\"potentialAction\":[{\"@type\":\"SearchAction\",\"target\":{\"@type\":\"EntryPoint\",\"urlTemplate\":\"https:\\\/\\\/www.newconnectgmbh.de\\\/Unternehmensberatung-Datenschutzbeauftragter\\\/?s={search_term_string}\"},\"query-input\":{\"@type\":\"PropertyValueSpecification\",\"valueRequired\":true,\"valueName\":\"search_term_string\"}}],\"inLanguage\":\"de\"},{\"@type\":\"Organization\",\"@id\":\"https:\\\/\\\/www.newconnectgmbh.de\\\/Unternehmensberatung-Datenschutzbeauftragter\\\/#organization\",\"name\":\"New Connect GmbH\",\"url\":\"https:\\\/\\\/www.newconnectgmbh.de\\\/Unternehmensberatung-Datenschutzbeauftragter\\\/\",\"logo\":{\"@type\":\"ImageObject\",\"inLanguage\":\"de\",\"@id\":\"https:\\\/\\\/www.newconnectgmbh.de\\\/Unternehmensberatung-Datenschutzbeauftragter\\\/#\\\/schema\\\/logo\\\/image\\\/\",\"url\":\"https:\\\/\\\/www.newconnectgmbh.de\\\/Unternehmensberatung-Datenschutzbeauftragter\\\/wp-content\\\/uploads\\\/2019\\\/11\\\/logo2.png\",\"contentUrl\":\"https:\\\/\\\/www.newconnectgmbh.de\\\/Unternehmensberatung-Datenschutzbeauftragter\\\/wp-content\\\/uploads\\\/2019\\\/11\\\/logo2.png\",\"width\":250,\"height\":68,\"caption\":\"New Connect GmbH\"},\"image\":{\"@id\":\"https:\\\/\\\/www.newconnectgmbh.de\\\/Unternehmensberatung-Datenschutzbeauftragter\\\/#\\\/schema\\\/logo\\\/image\\\/\"}}]}<\/script>\n<!-- \/ Yoast SEO plugin. -->","yoast_head_json":{"title":"Externer Datenschutzbeauftragter - New Connect GmbH","description":"Unternehmensberatung & Datenschutz. Wir bieten Ihnen kompetente Beratung f\u00fcr Ihr Unternehmen. Zu unseren Leistungen geh\u00f6ren neben der normalen betrieblichen Unternehmensberatung auch die Sanierung einschliesslich der Erstellung von Fortbestehensprognosen und Sanierungskonzepten gem. IDW S6. Dazu geh\u00f6ren auch Verifizierung der Risikofaktoren, die Umsetzung der Sanierungskonzepte mittels Unterst\u00fctzung des Managements oder Interimsmanagement sowie die Entwicklung eines nachhaltigen Controllings zur Absicherung des Erfolges.","robots":{"index":"index","follow":"follow","max-snippet":"max-snippet:-1","max-image-preview":"max-image-preview:large","max-video-preview":"max-video-preview:-1"},"canonical":"https:\/\/www.newconnectgmbh.de\/Unternehmensberatung-Datenschutzbeauftragter\/externer-datenschutzbeauftragter\/","og_locale":"de_DE","og_type":"article","og_title":"Externer Datenschutzbeauftragter - New Connect GmbH","og_description":"Unternehmensberatung & Datenschutz. Wir bieten Ihnen kompetente Beratung f\u00fcr Ihr Unternehmen. Zu unseren Leistungen geh\u00f6ren neben der normalen betrieblichen Unternehmensberatung auch die Sanierung einschliesslich der Erstellung von Fortbestehensprognosen und Sanierungskonzepten gem. IDW S6. Dazu geh\u00f6ren auch Verifizierung der Risikofaktoren, die Umsetzung der Sanierungskonzepte mittels Unterst\u00fctzung des Managements oder Interimsmanagement sowie die Entwicklung eines nachhaltigen Controllings zur Absicherung des Erfolges.","og_url":"https:\/\/www.newconnectgmbh.de\/Unternehmensberatung-Datenschutzbeauftragter\/externer-datenschutzbeauftragter\/","og_site_name":"New Connect GmbH","article_modified_time":"2025-04-01T09:19:20+00:00","og_image":[{"width":4456,"height":3002,"url":"https:\/\/www.newconnectgmbh.de\/Unternehmensberatung-Datenschutzbeauftragter\/wp-content\/uploads\/2019\/11\/datenschutz.png","type":"image\/png"}],"twitter_card":"summary_large_image","twitter_misc":{"Gesch\u00e4tzte Lesezeit":"1\u00a0Minute"},"schema":{"@context":"https:\/\/schema.org","@graph":[{"@type":"WebPage","@id":"https:\/\/www.newconnectgmbh.de\/Unternehmensberatung-Datenschutzbeauftragter\/externer-datenschutzbeauftragter\/","url":"https:\/\/www.newconnectgmbh.de\/Unternehmensberatung-Datenschutzbeauftragter\/externer-datenschutzbeauftragter\/","name":"Externer Datenschutzbeauftragter - New Connect GmbH","isPartOf":{"@id":"https:\/\/www.newconnectgmbh.de\/Unternehmensberatung-Datenschutzbeauftragter\/#website"},"primaryImageOfPage":{"@id":"https:\/\/www.newconnectgmbh.de\/Unternehmensberatung-Datenschutzbeauftragter\/externer-datenschutzbeauftragter\/#primaryimage"},"image":{"@id":"https:\/\/www.newconnectgmbh.de\/Unternehmensberatung-Datenschutzbeauftragter\/externer-datenschutzbeauftragter\/#primaryimage"},"thumbnailUrl":"https:\/\/www.newconnectgmbh.de\/Unternehmensberatung-Datenschutzbeauftragter\/wp-content\/uploads\/2019\/11\/datenschutz-1024x690-565x380.png","datePublished":"2019-11-12T16:37:37+00:00","dateModified":"2025-04-01T09:19:20+00:00","description":"Unternehmensberatung & Datenschutz. Wir bieten Ihnen kompetente Beratung f\u00fcr Ihr Unternehmen. Zu unseren Leistungen geh\u00f6ren neben der normalen betrieblichen Unternehmensberatung auch die Sanierung einschliesslich der Erstellung von Fortbestehensprognosen und Sanierungskonzepten gem. IDW S6. Dazu geh\u00f6ren auch Verifizierung der Risikofaktoren, die Umsetzung der Sanierungskonzepte mittels Unterst\u00fctzung des Managements oder Interimsmanagement sowie die Entwicklung eines nachhaltigen Controllings zur Absicherung des Erfolges.","breadcrumb":{"@id":"https:\/\/www.newconnectgmbh.de\/Unternehmensberatung-Datenschutzbeauftragter\/externer-datenschutzbeauftragter\/#breadcrumb"},"inLanguage":"de","potentialAction":[{"@type":"ReadAction","target":["https:\/\/www.newconnectgmbh.de\/Unternehmensberatung-Datenschutzbeauftragter\/externer-datenschutzbeauftragter\/"]}]},{"@type":"ImageObject","inLanguage":"de","@id":"https:\/\/www.newconnectgmbh.de\/Unternehmensberatung-Datenschutzbeauftragter\/externer-datenschutzbeauftragter\/#primaryimage","url":"https:\/\/www.newconnectgmbh.de\/Unternehmensberatung-Datenschutzbeauftragter\/wp-content\/uploads\/2019\/11\/datenschutz.png","contentUrl":"https:\/\/www.newconnectgmbh.de\/Unternehmensberatung-Datenschutzbeauftragter\/wp-content\/uploads\/2019\/11\/datenschutz.png","width":4456,"height":3002,"caption":"externer Datenschutzbeauftragter"},{"@type":"BreadcrumbList","@id":"https:\/\/www.newconnectgmbh.de\/Unternehmensberatung-Datenschutzbeauftragter\/externer-datenschutzbeauftragter\/#breadcrumb","itemListElement":[{"@type":"ListItem","position":1,"name":"Startseite","item":"https:\/\/www.newconnectgmbh.de\/Unternehmensberatung-Datenschutzbeauftragter\/"},{"@type":"ListItem","position":2,"name":"Externer Datenschutzbeauftragter"}]},{"@type":"WebSite","@id":"https:\/\/www.newconnectgmbh.de\/Unternehmensberatung-Datenschutzbeauftragter\/#website","url":"https:\/\/www.newconnectgmbh.de\/Unternehmensberatung-Datenschutzbeauftragter\/","name":"Unternehmensberatung & Datenschutz","description":"Unternehmensberatung und externer Datenschutzbeauftragter","publisher":{"@id":"https:\/\/www.newconnectgmbh.de\/Unternehmensberatung-Datenschutzbeauftragter\/#organization"},"potentialAction":[{"@type":"SearchAction","target":{"@type":"EntryPoint","urlTemplate":"https:\/\/www.newconnectgmbh.de\/Unternehmensberatung-Datenschutzbeauftragter\/?s={search_term_string}"},"query-input":{"@type":"PropertyValueSpecification","valueRequired":true,"valueName":"search_term_string"}}],"inLanguage":"de"},{"@type":"Organization","@id":"https:\/\/www.newconnectgmbh.de\/Unternehmensberatung-Datenschutzbeauftragter\/#organization","name":"New Connect GmbH","url":"https:\/\/www.newconnectgmbh.de\/Unternehmensberatung-Datenschutzbeauftragter\/","logo":{"@type":"ImageObject","inLanguage":"de","@id":"https:\/\/www.newconnectgmbh.de\/Unternehmensberatung-Datenschutzbeauftragter\/#\/schema\/logo\/image\/","url":"https:\/\/www.newconnectgmbh.de\/Unternehmensberatung-Datenschutzbeauftragter\/wp-content\/uploads\/2019\/11\/logo2.png","contentUrl":"https:\/\/www.newconnectgmbh.de\/Unternehmensberatung-Datenschutzbeauftragter\/wp-content\/uploads\/2019\/11\/logo2.png","width":250,"height":68,"caption":"New Connect GmbH"},"image":{"@id":"https:\/\/www.newconnectgmbh.de\/Unternehmensberatung-Datenschutzbeauftragter\/#\/schema\/logo\/image\/"}}]}},"builder_content":"<h2>Externer Datenschutzbeauftragter<\/h2> <p>Als externe Datenschutzbeauftragte unterst\u00fctzen wir Sie bei der Umsetzung der datenschutzrechtlichen Vorschriften (DSGVO). <br \/>Wir stellen sicher, dass die ordnungsgem\u00e4\u00dfe Umsetzung der Datenschutzbestimmungen in Ihrem Unternehmen gesetzeskonform erfolgt. Wir helfen Ihnen, Ihre Dokumentationspflichten zu erf\u00fcllen, ebenso schulen wir Ihre Mitarbeiter im Umgang mit sensiblen, personenbezogenen Kundendaten.<\/p> <p><strong>Wir unterst\u00fctzen Sie schnell und zuverl\u00e4ssig.<\/strong><\/p> <p>E-Mail: <a href=\"datenschutzbeauftragter@newconnectgmbh.de\">datenschutzbeauftragter@newconnectgmbh.de<\/a><\/p>\n<img src=\"https:\/\/www.newconnectgmbh.de\/Unternehmensberatung-Datenschutzbeauftragter\/wp-content\/uploads\/2019\/11\/datenschutz-1024x690-565x380.png\" width=\"565\" height=\"380\" title=\"externer Datenschutzbeauftragter\" alt=\"externer Datenschutzbeauftragter\" srcset=\"https:\/\/www.newconnectgmbh.de\/Unternehmensberatung-Datenschutzbeauftragter\/wp-content\/uploads\/2019\/11\/datenschutz-1024x690-565x380.png 565w, https:\/\/www.newconnectgmbh.de\/Unternehmensberatung-Datenschutzbeauftragter\/wp-content\/uploads\/2019\/11\/datenschutz-300x202.png 300w, https:\/\/www.newconnectgmbh.de\/Unternehmensberatung-Datenschutzbeauftragter\/wp-content\/uploads\/2019\/11\/datenschutz-768x517.png 768w, https:\/\/www.newconnectgmbh.de\/Unternehmensberatung-Datenschutzbeauftragter\/wp-content\/uploads\/2019\/11\/datenschutz-1024x690.png 1024w\" sizes=\"(max-width: 565px) 100vw, 565px\" \/>\n<p style=\"text-align: right;\">Adobe Stock - Overcoming the law obstacles. Manager jumping over paragraphs - bizvector<\/p>\n<a href=\"https:\/\/datenschutzbeauftragter-ortenau.de\/\" target=\"_blank\" rel=\"noopener\"> Anfrage <\/a>\n<p>Fordern Sie unser WHITE PAPER zur Umsetzung der DSGVO in kleinen Unternehmen an.<\/p>\n<p><a href=\"https:\/\/www.bvdnet.de\/\" target=\"_blank\" rel=\"noopener\"><img loading=\"lazy\" decoding=\"async\" src=\"https:\/\/www.newconnectgmbh.de\/Unternehmensberatung-Datenschutzbeauftragter\/wp-content\/uploads\/2019\/11\/logo_bvd.png\" alt=\"\" width=\"181\" height=\"114\" \/><\/a>Ihr Datenschutzbeauftragter mit IHK-Lehrgangszertifikat. <br \/>Mitglied beim Berufsverband der Datenschutzbeauftragten Deutschlands (BvD) e.V.<\/p>","_links":{"self":[{"href":"https:\/\/www.newconnectgmbh.de\/Unternehmensberatung-Datenschutzbeauftragter\/wp-json\/wp\/v2\/pages\/103","targetHints":{"allow":["GET"]}}],"collection":[{"href":"https:\/\/www.newconnectgmbh.de\/Unternehmensberatung-Datenschutzbeauftragter\/wp-json\/wp\/v2\/pages"}],"about":[{"href":"https:\/\/www.newconnectgmbh.de\/Unternehmensberatung-Datenschutzbeauftragter\/wp-json\/wp\/v2\/types\/page"}],"author":[{"embeddable":true,"href":"https:\/\/www.newconnectgmbh.de\/Unternehmensberatung-Datenschutzbeauftragter\/wp-json\/wp\/v2\/users\/1"}],"replies":[{"embeddable":true,"href":"https:\/\/www.newconnectgmbh.de\/Unternehmensberatung-Datenschutzbeauftragter\/wp-json\/wp\/v2\/comments?post=103"}],"version-history":[{"count":30,"href":"https:\/\/www.newconnectgmbh.de\/Unternehmensberatung-Datenschutzbeauftragter\/wp-json\/wp\/v2\/pages\/103\/revisions"}],"predecessor-version":[{"id":334,"href":"https:\/\/www.newconnectgmbh.de\/Unternehmensberatung-Datenschutzbeauftragter\/wp-json\/wp\/v2\/pages\/103\/revisions\/334"}],"wp:attachment":[{"href":"https:\/\/www.newconnectgmbh.de\/Unternehmensberatung-Datenschutzbeauftragter\/wp-json\/wp\/v2\/media?parent=103"}],"curies":[{"name":"wp","href":"https:\/\/api.w.org\/{rel}","templated":true}]}}